{"id":4037,"date":"2023-02-20T13:57:50","date_gmt":"2023-02-20T13:57:50","guid":{"rendered":"https:\/\/caverta.matchthemes.com\/steakhouse\/?page_id=4037"},"modified":"2025-11-01T12:03:55","modified_gmt":"2025-11-01T11:03:55","slug":"private-dining","status":"publish","type":"page","link":"https:\/\/saemis-steakhouse.ch\/index.php\/private-dining\/","title":{"rendered":"Private Dining"},"content":{"rendered":"\t\t<div data-elementor-type=\"wp-page\" data-elementor-id=\"4037\" class=\"elementor elementor-4037\">\n\t\t\t\t\t\t<section class=\"elementor-section elementor-top-section elementor-element elementor-element-4442156a elementor-section-content-middle elementor-section-boxed elementor-section-height-default elementor-section-height-default\" data-id=\"4442156a\" data-element_type=\"section\" data-e-type=\"section\">\n\t\t\t\t\t\t<div class=\"elementor-container elementor-column-gap-default\">\n\t\t\t\t\t<div class=\"elementor-column elementor-col-50 elementor-top-column elementor-element elementor-element-19f78149\" data-id=\"19f78149\" data-element_type=\"column\" data-e-type=\"column\">\n\t\t\t<div class=\"elementor-widget-wrap elementor-element-populated\">\n\t\t\t\t\t\t<div class=\"elementor-element elementor-element-5dfeff04 elementor-widget elementor-widget-heading\" data-id=\"5dfeff04\" data-element_type=\"widget\" data-e-type=\"widget\" data-widget_type=\"heading.default\">\n\t\t\t\t<div class=\"elementor-widget-container\">\n\t\t\t\t\t<div class=\"elementor-heading-title elementor-size-default\">INTIMES AMBIENTE<\/div>\t\t\t\t<\/div>\n\t\t\t\t<\/div>\n\t\t\t\t<div class=\"elementor-element elementor-element-539e1c51 elementor-widget elementor-widget-heading\" data-id=\"539e1c51\" data-element_type=\"widget\" data-e-type=\"widget\" data-widget_type=\"heading.default\">\n\t\t\t\t<div class=\"elementor-widget-container\">\n\t\t\t\t\t<h5 class=\"elementor-heading-title elementor-size-default\">Private Dining \u2013 Exklusiv geniessen<\/h5>\t\t\t\t<\/div>\n\t\t\t\t<\/div>\n\t\t\t\t\t<\/div>\n\t\t<\/div>\n\t\t\t\t<div class=\"elementor-column elementor-col-50 elementor-top-column elementor-element elementor-element-715daa46\" data-id=\"715daa46\" data-element_type=\"column\" data-e-type=\"column\">\n\t\t\t<div class=\"elementor-widget-wrap elementor-element-populated\">\n\t\t\t\t\t\t<div class=\"elementor-element elementor-element-6b0807f7 elementor-widget elementor-widget-image\" data-id=\"6b0807f7\" data-element_type=\"widget\" data-e-type=\"widget\" data-widget_type=\"image.default\">\n\t\t\t\t<div class=\"elementor-widget-container\">\n\t\t\t\t\t\t\t\t\t\t\t\t\t\t\t<img fetchpriority=\"high\" decoding=\"async\" width=\"960\" height=\"640\" src=\"https:\/\/saemis-steakhouse.ch\/wp-content\/uploads\/2025\/08\/image-4.webp\" class=\"attachment-large size-large wp-image-4437\" alt=\"\" srcset=\"https:\/\/saemis-steakhouse.ch\/wp-content\/uploads\/2025\/08\/image-4.webp 960w, https:\/\/saemis-steakhouse.ch\/wp-content\/uploads\/2025\/08\/image-4-300x200.webp 300w, https:\/\/saemis-steakhouse.ch\/wp-content\/uploads\/2025\/08\/image-4-768x512.webp 768w, https:\/\/saemis-steakhouse.ch\/wp-content\/uploads\/2025\/08\/image-4-200x133.webp 200w, https:\/\/saemis-steakhouse.ch\/wp-content\/uploads\/2025\/08\/image-4-800x533.webp 800w\" sizes=\"(max-width: 960px) 100vw, 960px\" \/>\t\t\t\t\t\t\t\t\t\t\t\t\t\t\t<\/div>\n\t\t\t\t<\/div>\n\t\t\t\t\t<\/div>\n\t\t<\/div>\n\t\t\t\t\t<\/div>\n\t\t<\/section>\n\t\t\t\t<section class=\"elementor-section elementor-top-section elementor-element elementor-element-3d5ac99b elementor-section-content-middle elementor-section-boxed elementor-section-height-default elementor-section-height-default\" data-id=\"3d5ac99b\" data-element_type=\"section\" data-e-type=\"section\">\n\t\t\t\t\t\t<div class=\"elementor-container elementor-column-gap-default\">\n\t\t\t\t\t<div class=\"elementor-column elementor-col-100 elementor-top-column elementor-element elementor-element-258a1eec\" data-id=\"258a1eec\" data-element_type=\"column\" data-e-type=\"column\">\n\t\t\t<div class=\"elementor-widget-wrap elementor-element-populated\">\n\t\t\t\t\t\t<div class=\"elementor-element elementor-element-2262a296 elementor-widget elementor-widget-text-editor\" data-id=\"2262a296\" data-element_type=\"widget\" data-e-type=\"widget\" data-widget_type=\"text-editor.default\">\n\t\t\t\t<div class=\"elementor-widget-container\">\n\t\t\t\t\t\t\t\t\t<p data-start=\"624\" data-end=\"892\">F\u00fcr unvergessliche Abende braucht es nicht nur gutes Essen, sondern auch den richtigen Rahmen. Unser stilvoll eingerichteter Raum bietet Platz f\u00fcr intime Feiern, gesch\u00e4ftliche Dinners oder besondere Momente im kleinen Kreis.<\/p><p data-start=\"896\" data-end=\"1027\">Mit warmem Holz, gedimmtem Licht und aufmerksamem Service entsteht bei uns echte Wohlf\u00fchlatmosph\u00e4re \u2013 ganz ohne k\u00fcnstliches Chichi.<\/p>\t\t\t\t\t\t\t\t<\/div>\n\t\t\t\t<\/div>\n\t\t\t\t\t<\/div>\n\t\t<\/div>\n\t\t\t\t\t<\/div>\n\t\t<\/section>\n\t\t\t\t<section class=\"elementor-section elementor-top-section elementor-element elementor-element-afda5c2 elementor-section-boxed elementor-section-height-default elementor-section-height-default\" data-id=\"afda5c2\" data-element_type=\"section\" data-e-type=\"section\">\n\t\t\t\t\t\t<div class=\"elementor-container elementor-column-gap-default\">\n\t\t\t\t\t<div class=\"elementor-column elementor-col-100 elementor-top-column elementor-element elementor-element-ddac976\" data-id=\"ddac976\" data-element_type=\"column\" data-e-type=\"column\">\n\t\t\t<div class=\"elementor-widget-wrap elementor-element-populated\">\n\t\t\t\t\t\t<div class=\"elementor-element elementor-element-d1d031f elementor-widget elementor-widget-image\" data-id=\"d1d031f\" data-element_type=\"widget\" data-e-type=\"widget\" data-widget_type=\"image.default\">\n\t\t\t\t<div class=\"elementor-widget-container\">\n\t\t\t\t\t\t\t\t\t\t\t\t\t\t\t<img decoding=\"async\" width=\"1024\" height=\"768\" src=\"https:\/\/saemis-steakhouse.ch\/wp-content\/uploads\/2025\/11\/IMG_6581-1024x768.webp\" class=\"attachment-large size-large wp-image-5130\" alt=\"\" srcset=\"https:\/\/saemis-steakhouse.ch\/wp-content\/uploads\/2025\/11\/IMG_6581-1024x768.webp 1024w, https:\/\/saemis-steakhouse.ch\/wp-content\/uploads\/2025\/11\/IMG_6581-300x225.webp 300w, https:\/\/saemis-steakhouse.ch\/wp-content\/uploads\/2025\/11\/IMG_6581-768x576.webp 768w, https:\/\/saemis-steakhouse.ch\/wp-content\/uploads\/2025\/11\/IMG_6581-200x150.webp 200w, https:\/\/saemis-steakhouse.ch\/wp-content\/uploads\/2025\/11\/IMG_6581-1536x1152.webp 1536w, https:\/\/saemis-steakhouse.ch\/wp-content\/uploads\/2025\/11\/IMG_6581-2048x1536.webp 2048w, https:\/\/saemis-steakhouse.ch\/wp-content\/uploads\/2025\/11\/IMG_6581-800x600.webp 800w\" sizes=\"(max-width: 1024px) 100vw, 1024px\" \/>\t\t\t\t\t\t\t\t\t\t\t\t\t\t\t<\/div>\n\t\t\t\t<\/div>\n\t\t\t\t\t<\/div>\n\t\t<\/div>\n\t\t\t\t\t<\/div>\n\t\t<\/section>\n\t\t\t\t<section class=\"elementor-section elementor-top-section elementor-element elementor-element-373c7dba elementor-section-boxed elementor-section-height-default elementor-section-height-default\" data-id=\"373c7dba\" data-element_type=\"section\" data-e-type=\"section\">\n\t\t\t\t\t\t<div class=\"elementor-container elementor-column-gap-default\">\n\t\t\t\t\t<div class=\"elementor-column elementor-col-50 elementor-top-column elementor-element elementor-element-2e97c083 mobile-order1\" data-id=\"2e97c083\" data-element_type=\"column\" data-e-type=\"column\">\n\t\t\t<div class=\"elementor-widget-wrap elementor-element-populated\">\n\t\t\t\t\t\t<div class=\"elementor-element elementor-element-436b0ece elementor-widget elementor-widget-text-editor\" data-id=\"436b0ece\" data-element_type=\"widget\" data-e-type=\"widget\" data-widget_type=\"text-editor.default\">\n\t\t\t\t<div class=\"elementor-widget-container\">\n\t\t\t\t\t\t\t\t\t<div class=\"smalltitle\"><h6 data-start=\"1034\" data-end=\"1062\"><strong data-start=\"1038\" data-end=\"1060\">DEIN PLATZ BEI UNS<\/strong><\/h6><\/div>\t\t\t\t\t\t\t\t<\/div>\n\t\t\t\t<\/div>\n\t\t\t\t<div class=\"elementor-element elementor-element-4a4c57d elementor-widget elementor-widget-heading\" data-id=\"4a4c57d\" data-element_type=\"widget\" data-e-type=\"widget\" data-widget_type=\"heading.default\">\n\t\t\t\t<div class=\"elementor-widget-container\">\n\t\t\t\t\t<h2 class=\"elementor-heading-title elementor-size-default\">Was Du \u00fcber Private Dinner wissen solltest<\/h2>\t\t\t\t<\/div>\n\t\t\t\t<\/div>\n\t\t\t\t<div class=\"elementor-element elementor-element-70866fa6 elementor-widget elementor-widget-text-editor\" data-id=\"70866fa6\" data-element_type=\"widget\" data-e-type=\"widget\" data-widget_type=\"text-editor.default\">\n\t\t\t\t<div class=\"elementor-widget-container\">\n\t\t\t\t\t\t\t\t\t<p data-start=\"1113\" data-end=\"1257\"><strong data-start=\"1113\" data-end=\"1151\">Wie buche ich ein privates Dinner?<\/strong><br data-start=\"1151\" data-end=\"1154\" \/>Ganz einfach: Sprich uns an oder buche direkt telefonisch. Wir k\u00fcmmern uns pers\u00f6nlich um deine W\u00fcnsche.<\/p><p data-start=\"1259\" data-end=\"1414\"><strong data-start=\"1259\" data-end=\"1309\">Kann ich kurzfristig umbuchen oder stornieren?<\/strong><br data-start=\"1309\" data-end=\"1312\" \/>Flexibilit\u00e4t ist uns wichtig \u2013 gib uns einfach rechtzeitig Bescheid, wir finden gemeinsam eine L\u00f6sung.<\/p><p data-start=\"1416\" data-end=\"1590\"><strong data-start=\"1416\" data-end=\"1451\">Gibt es spezielle Men\u00fcangebote?<\/strong><br data-start=\"1451\" data-end=\"1454\" \/>Ja. Auf Anfrage bieten wir exklusive Men\u00fcabfolgen an \u2013 z.\u202fB. mit Beef Tartar, Spezial-Cuts vom heissen Stein und hausgemachten Desserts.<\/p>\t\t\t\t\t\t\t\t<\/div>\n\t\t\t\t<\/div>\n\t\t\t\t\t<\/div>\n\t\t<\/div>\n\t\t\t\t<div class=\"elementor-column elementor-col-50 elementor-top-column elementor-element elementor-element-6b9f8443 mobile-order2\" data-id=\"6b9f8443\" data-element_type=\"column\" data-e-type=\"column\">\n\t\t\t<div class=\"elementor-widget-wrap elementor-element-populated\">\n\t\t\t\t\t\t<div class=\"elementor-element elementor-element-7766d694 elementor-widget elementor-widget-image\" data-id=\"7766d694\" data-element_type=\"widget\" data-e-type=\"widget\" data-widget_type=\"image.default\">\n\t\t\t\t<div class=\"elementor-widget-container\">\n\t\t\t\t\t\t\t\t\t\t\t\t\t\t\t<img decoding=\"async\" width=\"2560\" height=\"1920\" src=\"https:\/\/saemis-steakhouse.ch\/wp-content\/uploads\/2025\/11\/IMG_6589-scaled.webp\" class=\"attachment-full size-full wp-image-5133\" alt=\"\" srcset=\"https:\/\/saemis-steakhouse.ch\/wp-content\/uploads\/2025\/11\/IMG_6589-scaled.webp 2560w, https:\/\/saemis-steakhouse.ch\/wp-content\/uploads\/2025\/11\/IMG_6589-300x225.webp 300w, https:\/\/saemis-steakhouse.ch\/wp-content\/uploads\/2025\/11\/IMG_6589-1024x768.webp 1024w, https:\/\/saemis-steakhouse.ch\/wp-content\/uploads\/2025\/11\/IMG_6589-768x576.webp 768w, https:\/\/saemis-steakhouse.ch\/wp-content\/uploads\/2025\/11\/IMG_6589-200x150.webp 200w, https:\/\/saemis-steakhouse.ch\/wp-content\/uploads\/2025\/11\/IMG_6589-1536x1152.webp 1536w, https:\/\/saemis-steakhouse.ch\/wp-content\/uploads\/2025\/11\/IMG_6589-2048x1536.webp 2048w, https:\/\/saemis-steakhouse.ch\/wp-content\/uploads\/2025\/11\/IMG_6589-800x600.webp 800w\" sizes=\"(max-width: 2560px) 100vw, 2560px\" \/>\t\t\t\t\t\t\t\t\t\t\t\t\t\t\t<\/div>\n\t\t\t\t<\/div>\n\t\t\t\t\t<\/div>\n\t\t<\/div>\n\t\t\t\t\t<\/div>\n\t\t<\/section>\n\t\t\t\t<section class=\"elementor-section elementor-top-section elementor-element elementor-element-59878a38 elementor-section-boxed elementor-section-height-default elementor-section-height-default\" data-id=\"59878a38\" data-element_type=\"section\" data-e-type=\"section\">\n\t\t\t\t\t\t<div class=\"elementor-container elementor-column-gap-default\">\n\t\t\t\t\t<div class=\"elementor-column elementor-col-50 elementor-top-column elementor-element elementor-element-69e9d805 mobile-order2\" data-id=\"69e9d805\" data-element_type=\"column\" data-e-type=\"column\">\n\t\t\t<div class=\"elementor-widget-wrap elementor-element-populated\">\n\t\t\t\t\t\t<div class=\"elementor-element elementor-element-7e175e4 elementor-widget elementor-widget-image\" data-id=\"7e175e4\" data-element_type=\"widget\" data-e-type=\"widget\" data-widget_type=\"image.default\">\n\t\t\t\t<div class=\"elementor-widget-container\">\n\t\t\t\t\t\t\t\t\t\t\t\t\t\t\t<img loading=\"lazy\" decoding=\"async\" width=\"2560\" height=\"1920\" src=\"https:\/\/saemis-steakhouse.ch\/wp-content\/uploads\/2025\/11\/IMG_6576-scaled.webp\" class=\"attachment-full size-full wp-image-5129\" alt=\"\" srcset=\"https:\/\/saemis-steakhouse.ch\/wp-content\/uploads\/2025\/11\/IMG_6576-scaled.webp 2560w, https:\/\/saemis-steakhouse.ch\/wp-content\/uploads\/2025\/11\/IMG_6576-300x225.webp 300w, https:\/\/saemis-steakhouse.ch\/wp-content\/uploads\/2025\/11\/IMG_6576-1024x768.webp 1024w, https:\/\/saemis-steakhouse.ch\/wp-content\/uploads\/2025\/11\/IMG_6576-768x576.webp 768w, https:\/\/saemis-steakhouse.ch\/wp-content\/uploads\/2025\/11\/IMG_6576-200x150.webp 200w, https:\/\/saemis-steakhouse.ch\/wp-content\/uploads\/2025\/11\/IMG_6576-1536x1152.webp 1536w, https:\/\/saemis-steakhouse.ch\/wp-content\/uploads\/2025\/11\/IMG_6576-2048x1536.webp 2048w, https:\/\/saemis-steakhouse.ch\/wp-content\/uploads\/2025\/11\/IMG_6576-800x600.webp 800w\" sizes=\"(max-width: 2560px) 100vw, 2560px\" \/>\t\t\t\t\t\t\t\t\t\t\t\t\t\t\t<\/div>\n\t\t\t\t<\/div>\n\t\t\t\t\t<\/div>\n\t\t<\/div>\n\t\t\t\t<div class=\"elementor-column elementor-col-50 elementor-top-column elementor-element elementor-element-6f4eaa93 mobile-order1\" data-id=\"6f4eaa93\" data-element_type=\"column\" data-e-type=\"column\">\n\t\t\t<div class=\"elementor-widget-wrap elementor-element-populated\">\n\t\t\t\t\t\t<div class=\"elementor-element elementor-element-17329fa6 elementor-widget elementor-widget-text-editor\" data-id=\"17329fa6\" data-element_type=\"widget\" data-e-type=\"widget\" data-widget_type=\"text-editor.default\">\n\t\t\t\t<div class=\"elementor-widget-container\">\n\t\t\t\t\t\t\t\t\t<div class=\"smalltitle\"><h6 data-start=\"1597\" data-end=\"1637\"><strong data-start=\"1601\" data-end=\"1635\">QUALIT\u00c4T IST UNSER VERSPRECHEN<\/strong><\/h6><\/div>\t\t\t\t\t\t\t\t<\/div>\n\t\t\t\t<\/div>\n\t\t\t\t<div class=\"elementor-element elementor-element-4780ef9e elementor-widget elementor-widget-heading\" data-id=\"4780ef9e\" data-element_type=\"widget\" data-e-type=\"widget\" data-widget_type=\"heading.default\">\n\t\t\t\t<div class=\"elementor-widget-container\">\n\t\t\t\t\t<h2 class=\"elementor-heading-title elementor-size-default\">Ehrliches Handwerk, t\u00e4glich frisch<\/h2>\t\t\t\t<\/div>\n\t\t\t\t<\/div>\n\t\t\t\t<div class=\"elementor-element elementor-element-791efd14 elementor-widget elementor-widget-text-editor\" data-id=\"791efd14\" data-element_type=\"widget\" data-e-type=\"widget\" data-widget_type=\"text-editor.default\">\n\t\t\t\t<div class=\"elementor-widget-container\">\n\t\t\t\t\t\t\t\t\t<p data-start=\"1638\" data-end=\"1870\">Alle unsere Steaks stammen aus Freilandhaltung und zertifizierten Betrieben. Auch unsere Pasta und Salate bereiten wir frisch \u201e\u00e0 la minute\u201c zu \u2013 mit Sorgfalt, Erfahrung und einem Hauch Feuer.<\/p><p data-start=\"1872\" data-end=\"2047\">Besonders beliebt ist unser <strong data-start=\"1900\" data-end=\"1933\">handgeschnittenes Beef Tartar<\/strong>, das wir f\u00fcr jeden Gast individuell abschmecken. Probier es aus \u2013 du wirst verstehen, warum es so viele Fans hat.<\/p>\t\t\t\t\t\t\t\t<\/div>\n\t\t\t\t<\/div>\n\t\t\t\t\t<\/div>\n\t\t<\/div>\n\t\t\t\t\t<\/div>\n\t\t<\/section>\n\t\t\t\t<section class=\"elementor-section elementor-top-section elementor-element elementor-element-17ac8a03 elementor-section-boxed elementor-section-height-default elementor-section-height-default\" data-id=\"17ac8a03\" data-element_type=\"section\" data-e-type=\"section\">\n\t\t\t\t\t\t<div class=\"elementor-container elementor-column-gap-default\">\n\t\t\t\t\t<div class=\"elementor-column elementor-col-100 elementor-top-column elementor-element elementor-element-7b0707c6\" data-id=\"7b0707c6\" data-element_type=\"column\" data-e-type=\"column\">\n\t\t\t<div class=\"elementor-widget-wrap elementor-element-populated\">\n\t\t\t\t\t\t<div class=\"elementor-element elementor-element-9cbd80 elementor-widget elementor-widget-text-editor\" data-id=\"9cbd80\" data-element_type=\"widget\" data-e-type=\"widget\" data-widget_type=\"text-editor.default\">\n\t\t\t\t<div class=\"elementor-widget-container\">\n\t\t\t\t\t\t\t\t\t<div class=\"smalltitle\">Reservation<\/div>\t\t\t\t\t\t\t\t<\/div>\n\t\t\t\t<\/div>\n\t\t\t\t<div class=\"elementor-element elementor-element-767f9c1d elementor-widget elementor-widget-heading\" data-id=\"767f9c1d\" data-element_type=\"widget\" data-e-type=\"widget\" data-widget_type=\"heading.default\">\n\t\t\t\t<div class=\"elementor-widget-container\">\n\t\t\t\t\t<h2 class=\"elementor-heading-title elementor-size-default\">Tisch Reservieren<\/h2>\t\t\t\t<\/div>\n\t\t\t\t<\/div>\n\t\t\t\t<div class=\"elementor-element elementor-element-23417079 elementor-widget elementor-widget-text-editor\" data-id=\"23417079\" data-element_type=\"widget\" data-e-type=\"widget\" data-widget_type=\"text-editor.default\">\n\t\t\t\t<div class=\"elementor-widget-container\">\n\t\t\t\t\t\t\t\t\t<p>Entdecken Sie Textur, Farbe und nat\u00fcrlich den ultimativen Geschmack mit unserem saisonalen Men\u00fc. Alle Zutaten sind frisch und werden von unseren K\u00f6chen sorgf\u00e4ltig ausgew\u00e4hlt. Genie\u00dfen Sie ein au\u00dfergew\u00f6hnliches kulinarisches Erlebnis.<\/p>\t\t\t\t\t\t\t\t<\/div>\n\t\t\t\t<\/div>\n\t\t\t\t<div class=\"elementor-element elementor-element-4ea2435 el-btn elementor-widget elementor-widget-button\" data-id=\"4ea2435\" data-element_type=\"widget\" data-e-type=\"widget\" data-widget_type=\"button.default\">\n\t\t\t\t<div class=\"elementor-widget-container\">\n\t\t\t\t\t\t\t\t\t<div class=\"elementor-button-wrapper\">\n\t\t\t\t\t<a class=\"elementor-button elementor-button-link elementor-size-sm\" href=\"#\">\n\t\t\t\t\t\t<span class=\"elementor-button-content-wrapper\">\n\t\t\t\t\t\t\t\t\t<span class=\"elementor-button-text\">Kontakt<\/span>\n\t\t\t\t\t<\/span>\n\t\t\t\t\t<\/a>\n\t\t\t\t<\/div>\n\t\t\t\t\t\t\t\t<\/div>\n\t\t\t\t<\/div>\n\t\t\t\t\t<\/div>\n\t\t<\/div>\n\t\t\t\t\t<\/div>\n\t\t<\/section>\n\t\t\t\t<\/div>\n\t\t","protected":false},"excerpt":{"rendered":"<p>INTIMES AMBIENTE Private Dining \u2013 Exklusiv geniessen F\u00fcr unvergessliche Abende braucht es nicht nur gutes Essen, sondern auch den richtigen Rahmen. Unser stilvoll eingerichteter Raum bietet Platz f\u00fcr intime Feiern, gesch\u00e4ftliche Dinners oder besondere Momente im kleinen Kreis. Mit warmem Holz, gedimmtem Licht und aufmerksamem Service entsteht bei uns echte Wohlf\u00fchlatmosph\u00e4re \u2013 ganz ohne k\u00fcnstliches Chichi. DEIN PLATZ BEI UNS&#8230;<\/p>\n","protected":false},"author":1,"featured_media":0,"parent":0,"menu_order":0,"comment_status":"closed","ping_status":"closed","template":"elementor_header_footer","meta":{"_acf_changed":false,"footnotes":""},"class_list":["post-4037","page","type-page","status-publish","hentry"],"acf":[],"_links":{"self":[{"href":"https:\/\/saemis-steakhouse.ch\/index.php\/wp-json\/wp\/v2\/pages\/4037","targetHints":{"allow":["GET"]}}],"collection":[{"href":"https:\/\/saemis-steakhouse.ch\/index.php\/wp-json\/wp\/v2\/pages"}],"about":[{"href":"https:\/\/saemis-steakhouse.ch\/index.php\/wp-json\/wp\/v2\/types\/page"}],"author":[{"embeddable":true,"href":"https:\/\/saemis-steakhouse.ch\/index.php\/wp-json\/wp\/v2\/users\/1"}],"replies":[{"embeddable":true,"href":"https:\/\/saemis-steakhouse.ch\/index.php\/wp-json\/wp\/v2\/comments?post=4037"}],"version-history":[{"count":13,"href":"https:\/\/saemis-steakhouse.ch\/index.php\/wp-json\/wp\/v2\/pages\/4037\/revisions"}],"predecessor-version":[{"id":5142,"href":"https:\/\/saemis-steakhouse.ch\/index.php\/wp-json\/wp\/v2\/pages\/4037\/revisions\/5142"}],"wp:attachment":[{"href":"https:\/\/saemis-steakhouse.ch\/index.php\/wp-json\/wp\/v2\/media?parent=4037"}],"curies":[{"name":"wp","href":"https:\/\/api.w.org\/{rel}","templated":true}]}}